{"id":224,"date":"2017-01-05T09:40:25","date_gmt":"2017-01-05T08:40:25","guid":{"rendered":"https:\/\/demo.themegrill.com\/flash-pro-store\/?page_id=13"},"modified":"2023-08-02T20:08:58","modified_gmt":"2023-08-03T01:08:58","slug":"contactanos","status":"publish","type":"page","link":"https:\/\/betparches.niixer.com\/index.php\/contactanos\/","title":{"rendered":"Cont\u00e1ctanos"},"content":{"rendered":"<div id=\"pl-224\"  class=\"panel-layout\" ><div id=\"pg-224-0\"  class=\"panel-grid panel-has-style\" ><div data-overlay-opactity=\"1\" class=\"panel-row-style panel-row-style-for-224-0\" ><div id=\"pgc-224-0-0\"  class=\"panel-grid-cell\" ><div id=\"panel-224-0-0-0\" class=\"so-panel widget widget_text panel-first-child panel-last-child\" data-index=\"0\" ><h3 class=\"widget-title\">Puntos de contacto<\/h3>\t\t\t<div class=\"textwidget\"><\/div>\n\t\t<\/div><\/div><\/div><\/div><div id=\"pg-224-1\"  class=\"panel-grid panel-has-style\" ><div data-overlay-opactity=\"1\" class=\"panel-row-style panel-row-style-for-224-1\" ><div id=\"pgc-224-1-0\"  class=\"panel-grid-cell\" ><div id=\"panel-224-1-0-0\" class=\"so-panel widget widget_themegrill_flash_service tg-widget tg-single-service panel-first-child panel-last-child\" data-index=\"1\" ><div class=\"tg-service-widget tg-service-layout-2\">\n\t<div class=\"service-wrapper\">\n\t\t\t\t<div class=\"service-icon-title-wrapper\">\n\t\t\t\t\t\t\t\t\t\t<div class=\"service-icon-wrap\"><i class=\"fa fa-phone\"><\/i><\/div>\n\t\t\t\t\t\t\t\t\t\t\t<\/div>\n\t\t\t\t\t\t\t\t\t\t<h3 class=\"service-title-wrap\">\n\t\t\t\t\tTelefono\t\t\t\t\t\t\t\t\t\t<\/h3>\n\t\t\t\t\t\t\t\t\t\t<div class=\"service-content-wrap\">320-415-6434 \/ 310-318-0563<\/div>\n\t\t\t\t\t\t\t\t\t\t<\/div>\n<\/div>\n<\/div><\/div><div id=\"pgc-224-1-1\"  class=\"panel-grid-cell\" ><div id=\"panel-224-1-1-0\" class=\"so-panel widget widget_themegrill_flash_service tg-widget tg-single-service panel-first-child panel-last-child\" data-index=\"2\" ><div class=\"tg-service-widget tg-service-layout-2\">\n\t<div class=\"service-wrapper\">\n\t\t\t\t<div class=\"service-icon-title-wrapper\">\n\t\t\t\t\t\t\t\t\t\t<div class=\"service-icon-wrap\"><i class=\"fa fa-envelope-o\"><\/i><\/div>\n\t\t\t\t\t\t\t\t\t\t\t<\/div>\n\t\t\t\t\t\t\t\t\t\t<h3 class=\"service-title-wrap\">\n\t\t\t\t\tCorreo\t\t\t\t\t\t\t\t\t\t<\/h3>\n\t\t\t\t\t\t\t\t\t\t<div class=\"service-content-wrap\">pipe-chaparro2001@hotmail.com<\/div>\n\t\t\t\t\t\t\t\t\t\t<\/div>\n<\/div>\n<\/div><\/div><div id=\"pgc-224-1-2\"  class=\"panel-grid-cell\" ><div id=\"panel-224-1-2-0\" class=\"so-panel widget widget_themegrill_flash_service tg-widget tg-single-service panel-first-child panel-last-child\" data-index=\"3\" ><div class=\"tg-service-widget tg-service-layout-2\">\n\t<div class=\"service-wrapper\">\n\t\t\t\t<div class=\"service-icon-title-wrapper\">\n\t\t\t\t\t\t\t\t\t\t<div class=\"service-icon-wrap\"><i class=\"fa fa-globe\"><\/i><\/div>\n\t\t\t\t\t\t\t\t\t\t\t<\/div>\n\t\t\t\t\t\t\t\t\t\t<h3 class=\"service-title-wrap\">\n\t\t\t\t\tWeb Site\t\t\t\t\t\t\t\t\t\t<\/h3>\n\t\t\t\t\t\t\t\t\t\t<div class=\"service-content-wrap\">betparches.rf.gd<\/div>\n\t\t\t\t\t\t\t\t\t\t<\/div>\n<\/div>\n<\/div><\/div><\/div><\/div><div id=\"pg-224-2\"  class=\"panel-grid panel-has-style\" ><div data-overlay-opactity=\"1\" class=\"panel-row-style panel-row-style-for-224-2\" ><div id=\"pgc-224-2-0\"  class=\"panel-grid-cell\" ><div id=\"panel-224-2-0-0\" class=\"so-panel widget widget_text panel-first-child panel-last-child\" data-index=\"4\" ><div class=\"panel-widget-style panel-widget-style-for-224-2-0-0\" ><h3 class=\"widget-title\">Cont\u00e1ctanos<\/h3>\t\t\t<div class=\"textwidget\"><p><span style=\"vertical-align: inherit;\"><span style=\"vertical-align: inherit;\"><div class=\"everest-forms\"><div class=\"evf-container default\" id=\"evf-213\"><form id=\"evf-form-213\" class=\"everest-form\" data-formid=\"213\" data-ajax_submission=\"0\" data-keyboard_friendly_form=\"0\" data-form_state_type=\"\" method=\"post\" enctype=\"multipart\/form-data\" action=\"\/index.php\/wp-json\/wp\/v2\/pages\/224\"><div class=\"evf-field-container\"><input type=\"hidden\" id=\"_wpnonce213\" name=\"_wpnonce213\" value=\"12cb07adda\" \/><input type=\"hidden\" name=\"_wp_http_referer\" value=\"\/index.php\/wp-json\/wp\/v2\/pages\/224\" \/><div class=\"evf-frontend-row\" data-row=\"row_1\" conditional_rules=\"[]\"><div class=\"evf-frontend-grid evf-grid-1\" data-grid=\"grid_1\"><div id=\"evf-213-field_lVizlNhYus-1-container\" class=\"evf-field evf-field-text form-row validate-required\" data-required-field-message=\"Este campo es obligatorio.\" data-field-id=\"lVizlNhYus-1\"><label class=\"evf-field-label\" for=\"evf-213-field_lVizlNhYus-1\"><span class=\"evf-label\">Nombres y Apellidos<\/span> <abbr class=\"required\" title=\"Obligatorio\">*<\/abbr><\/label><input type=\"text\" id=\"evf-213-field_lVizlNhYus-1\" class=\"input-text\" name=\"everest_forms[form_fields][lVizlNhYus-1]\" required><\/div><div id=\"evf-213-field_XYnMdkQDKM-3-container\" class=\"evf-field evf-field-email form-row validate-required validate-email\" data-required-field-message=\"Por favor, introduce una direcci\u00f3n de correo electr\u00f3nico v\u00e1lida.\" data-field-id=\"XYnMdkQDKM-3\"><label class=\"evf-field-label\" for=\"evf-213-field_XYnMdkQDKM-3\"><span class=\"evf-label\">Correo<\/span> <abbr class=\"required\" title=\"Obligatorio\">*<\/abbr><\/label><input type=\"email\" id=\"evf-213-field_XYnMdkQDKM-3\" class=\"input-text\" name=\"everest_forms[form_fields][XYnMdkQDKM-3]\" required ><\/div><div id=\"evf-213-field_B5mqK7SnvM-1-container\" class=\"evf-field evf-field-number form-row validate-required\" data-required-field-message=\"Por favor, introduce un n\u00famero v\u00e1lido.\" data-field-id=\"B5mqK7SnvM-1\"><label class=\"evf-field-label\" for=\"evf-213-field_B5mqK7SnvM-1\"><span class=\"evf-label\">N\u00famero<\/span> <abbr class=\"required\" title=\"Obligatorio\">*<\/abbr><\/label><input type=\"number\" id=\"evf-213-field_B5mqK7SnvM-1\" class=\"input-text\" name=\"everest_forms[form_fields][B5mqK7SnvM-1]\" required\/><\/div><div id=\"evf-213-field_xJivsqAS2c-2-container\" class=\"evf-field evf-field-text form-row validate-required\" data-required-field-message=\"Este campo es obligatorio.\" data-field-id=\"xJivsqAS2c-2\"><label class=\"evf-field-label\" for=\"evf-213-field_xJivsqAS2c-2\"><span class=\"evf-label\">Asunto<\/span> <abbr class=\"required\" title=\"Obligatorio\">*<\/abbr><\/label><input type=\"text\" id=\"evf-213-field_xJivsqAS2c-2\" class=\"input-text\" name=\"everest_forms[form_fields][xJivsqAS2c-2]\" required><\/div><div id=\"evf-213-field_YalaPcQ0DO-4-container\" class=\"evf-field evf-field-textarea form-row\" data-field-id=\"YalaPcQ0DO-4\"><label class=\"evf-field-label\" for=\"evf-213-field_YalaPcQ0DO-4\"><span class=\"evf-label\">Mensaje<\/span> <\/label><textarea id=\"evf-213-field_YalaPcQ0DO-4\" class=\"input-text\" name=\"everest_forms[form_fields][YalaPcQ0DO-4]\"  ><\/textarea><\/div><\/div><\/div><\/div><div class=\"evf-honeypot-container evf-field-hp\"><label for=\"evf-213-field-hp\" class=\"evf-field-label\">Website<\/label><input type=\"text\" name=\"everest_forms[hp]\" id=\"evf-213-field-hp\" class=\"input-text\"><\/div><div class=\"evf-submit-container \" ><input type=\"hidden\" name=\"everest_forms[id]\" value=\"213\"><input type=\"hidden\" name=\"everest_forms[author]\" value=\"1\"><button type='submit' name='everest_forms[submit]' class='everest-forms-submit-button button evf-submit ' id='evf-submit-213' value='evf-submit' data-process-text=\"Procesando...\" conditional_rules='&quot;&quot;' conditional_id='evf-submit-213'  id=\"evf-submit-213\" aria-live=\"assertive\">Enviar<\/button><\/div><\/form><\/div><!-- .evf-container --><\/div><\/span><\/span><\/p>\n<\/div>\n\t\t<\/div><\/div><\/div><\/div><\/div><div id=\"pg-224-3\"  class=\"panel-grid panel-has-style\" ><div data-overlay-opactity=\"1\" class=\"panel-row-style panel-row-style-for-224-3\" ><div id=\"pgc-224-3-0\"  class=\"panel-grid-cell\" ><div id=\"panel-224-3-0-0\" class=\"widget_text so-panel widget widget_custom_html panel-first-child panel-last-child\" data-index=\"5\" ><h3 class=\"widget-title\">Ubicaci\u00f3n<\/h3><div class=\"textwidget custom-html-widget\">\n<iframe src=\"https:\/\/www.google.com\/maps\/embed?pb=!1m18!1m12!1m3!1d3976.6204289062703!2d-74.11479061492327!3d4.6615799299276635!2m3!1f0!2f0!3f0!3m2!1i1024!2i768!4f13.1!3m3!1m2!1s0x8e3f997e2e19f51f%3A0x456afcf242a07c3!2sCentro%20Empresarial%20Arrecife!5e0!3m2!1ses!2sco!4v1690508204289!5m2!1ses!2sco\" width=\"1450\" height=\"450\" style=\"border:0;\" allowfullscreen=\"\" loading=\"lazy\" referrerpolicy=\"no-referrer-when-downgrade\"><\/iframe>\n<\/div><\/div><\/div><\/div><\/div><\/div>","protected":false},"excerpt":{"rendered":"<p>Puntos de contacto Telefono 320-415-6434 \/ 310-318-0563 Correo pipe-chaparro2001@hotmail.com Web Site betparches.rf.gd Cont\u00e1ctanos Nombres y Apellidos *Correo *N\u00famero *Asunto *Mensaje [&hellip;]<\/p>\n","protected":false},"author":1,"featured_media":0,"parent":0,"menu_order":0,"comment_status":"closed","ping_status":"closed","template":"page-templates\/full-width.php","meta":{"_joinchat":[],"footnotes":""},"class_list":["post-224","page","type-page","status-publish","hentry"],"yoast_head":"<!-- This site is optimized with the Yoast SEO plugin v27.3 - https:\/\/yoast.com\/product\/yoast-seo-wordpress\/ -->\n<title>Cont\u00e1ctanos - BetParches Shop<\/title>\n<meta name=\"robots\" content=\"noindex, follow, max-snippet:-1, max-image-preview:large, max-video-preview:-1\" \/>\n<meta property=\"og:locale\" content=\"es_ES\" \/>\n<meta property=\"og:type\" content=\"article\" \/>\n<meta property=\"og:title\" content=\"Cont\u00e1ctanos - BetParches Shop\" \/>\n<meta property=\"og:description\" content=\"Puntos de contacto Telefono 320-415-6434 \/ 310-318-0563 Correo pipe-chaparro2001@hotmail.com Web Site betparches.rf.gd Cont\u00e1ctanos Nombres y Apellidos *Correo *N\u00famero *Asunto *Mensaje [&hellip;]\" \/>\n<meta property=\"og:url\" content=\"https:\/\/betparches.niixer.com\/index.php\/contactanos\/\" \/>\n<meta property=\"og:site_name\" content=\"BetParches Shop\" \/>\n<meta property=\"article:modified_time\" content=\"2023-08-03T01:08:58+00:00\" \/>\n<meta name=\"twitter:card\" content=\"summary_large_image\" \/>\n<meta name=\"twitter:label1\" content=\"Tiempo de lectura\" \/>\n\t<meta name=\"twitter:data1\" content=\"1 minuto\" \/>\n<script type=\"application\/ld+json\" class=\"yoast-schema-graph\">{\"@context\":\"https:\\\/\\\/schema.org\",\"@graph\":[{\"@type\":\"WebPage\",\"@id\":\"https:\\\/\\\/betparches.niixer.com\\\/index.php\\\/contactanos\\\/\",\"url\":\"https:\\\/\\\/betparches.niixer.com\\\/index.php\\\/contactanos\\\/\",\"name\":\"Cont\u00e1ctanos - BetParches Shop\",\"isPartOf\":{\"@id\":\"https:\\\/\\\/betparches.niixer.com\\\/#website\"},\"datePublished\":\"2017-01-05T08:40:25+00:00\",\"dateModified\":\"2023-08-03T01:08:58+00:00\",\"breadcrumb\":{\"@id\":\"https:\\\/\\\/betparches.niixer.com\\\/index.php\\\/contactanos\\\/#breadcrumb\"},\"inLanguage\":\"es\",\"potentialAction\":[{\"@type\":\"ReadAction\",\"target\":[\"https:\\\/\\\/betparches.niixer.com\\\/index.php\\\/contactanos\\\/\"]}]},{\"@type\":\"BreadcrumbList\",\"@id\":\"https:\\\/\\\/betparches.niixer.com\\\/index.php\\\/contactanos\\\/#breadcrumb\",\"itemListElement\":[{\"@type\":\"ListItem\",\"position\":1,\"name\":\"Portada\",\"item\":\"https:\\\/\\\/betparches.niixer.com\\\/\"},{\"@type\":\"ListItem\",\"position\":2,\"name\":\"Cont\u00e1ctanos\"}]},{\"@type\":\"WebSite\",\"@id\":\"https:\\\/\\\/betparches.niixer.com\\\/#website\",\"url\":\"https:\\\/\\\/betparches.niixer.com\\\/\",\"name\":\"BetParches Shop\",\"description\":\"\",\"publisher\":{\"@id\":\"https:\\\/\\\/betparches.niixer.com\\\/#organization\"},\"potentialAction\":[{\"@type\":\"SearchAction\",\"target\":{\"@type\":\"EntryPoint\",\"urlTemplate\":\"https:\\\/\\\/betparches.niixer.com\\\/?s={search_term_string}\"},\"query-input\":{\"@type\":\"PropertyValueSpecification\",\"valueRequired\":true,\"valueName\":\"search_term_string\"}}],\"inLanguage\":\"es\"},{\"@type\":\"Organization\",\"@id\":\"https:\\\/\\\/betparches.niixer.com\\\/#organization\",\"name\":\"BetParches Shop\",\"url\":\"https:\\\/\\\/betparches.niixer.com\\\/\",\"logo\":{\"@type\":\"ImageObject\",\"inLanguage\":\"es\",\"@id\":\"https:\\\/\\\/betparches.niixer.com\\\/#\\\/schema\\\/logo\\\/image\\\/\",\"url\":\"https:\\\/\\\/betparches.niixer.com\\\/wp-content\\\/uploads\\\/2023\\\/08\\\/Logo_BetParches-Millonarios-1.webp\",\"contentUrl\":\"https:\\\/\\\/betparches.niixer.com\\\/wp-content\\\/uploads\\\/2023\\\/08\\\/Logo_BetParches-Millonarios-1.webp\",\"width\":339,\"height\":100,\"caption\":\"BetParches Shop\"},\"image\":{\"@id\":\"https:\\\/\\\/betparches.niixer.com\\\/#\\\/schema\\\/logo\\\/image\\\/\"}}]}<\/script>\n<!-- \/ Yoast SEO plugin. -->","yoast_head_json":{"title":"Cont\u00e1ctanos - BetParches Shop","robots":{"index":"noindex","follow":"follow","max-snippet":"max-snippet:-1","max-image-preview":"max-image-preview:large","max-video-preview":"max-video-preview:-1"},"og_locale":"es_ES","og_type":"article","og_title":"Cont\u00e1ctanos - BetParches Shop","og_description":"Puntos de contacto Telefono 320-415-6434 \/ 310-318-0563 Correo pipe-chaparro2001@hotmail.com Web Site betparches.rf.gd Cont\u00e1ctanos Nombres y Apellidos *Correo *N\u00famero *Asunto *Mensaje [&hellip;]","og_url":"https:\/\/betparches.niixer.com\/index.php\/contactanos\/","og_site_name":"BetParches Shop","article_modified_time":"2023-08-03T01:08:58+00:00","twitter_card":"summary_large_image","twitter_misc":{"Tiempo de lectura":"1 minuto"},"schema":{"@context":"https:\/\/schema.org","@graph":[{"@type":"WebPage","@id":"https:\/\/betparches.niixer.com\/index.php\/contactanos\/","url":"https:\/\/betparches.niixer.com\/index.php\/contactanos\/","name":"Cont\u00e1ctanos - BetParches Shop","isPartOf":{"@id":"https:\/\/betparches.niixer.com\/#website"},"datePublished":"2017-01-05T08:40:25+00:00","dateModified":"2023-08-03T01:08:58+00:00","breadcrumb":{"@id":"https:\/\/betparches.niixer.com\/index.php\/contactanos\/#breadcrumb"},"inLanguage":"es","potentialAction":[{"@type":"ReadAction","target":["https:\/\/betparches.niixer.com\/index.php\/contactanos\/"]}]},{"@type":"BreadcrumbList","@id":"https:\/\/betparches.niixer.com\/index.php\/contactanos\/#breadcrumb","itemListElement":[{"@type":"ListItem","position":1,"name":"Portada","item":"https:\/\/betparches.niixer.com\/"},{"@type":"ListItem","position":2,"name":"Cont\u00e1ctanos"}]},{"@type":"WebSite","@id":"https:\/\/betparches.niixer.com\/#website","url":"https:\/\/betparches.niixer.com\/","name":"BetParches Shop","description":"","publisher":{"@id":"https:\/\/betparches.niixer.com\/#organization"},"potentialAction":[{"@type":"SearchAction","target":{"@type":"EntryPoint","urlTemplate":"https:\/\/betparches.niixer.com\/?s={search_term_string}"},"query-input":{"@type":"PropertyValueSpecification","valueRequired":true,"valueName":"search_term_string"}}],"inLanguage":"es"},{"@type":"Organization","@id":"https:\/\/betparches.niixer.com\/#organization","name":"BetParches Shop","url":"https:\/\/betparches.niixer.com\/","logo":{"@type":"ImageObject","inLanguage":"es","@id":"https:\/\/betparches.niixer.com\/#\/schema\/logo\/image\/","url":"https:\/\/betparches.niixer.com\/wp-content\/uploads\/2023\/08\/Logo_BetParches-Millonarios-1.webp","contentUrl":"https:\/\/betparches.niixer.com\/wp-content\/uploads\/2023\/08\/Logo_BetParches-Millonarios-1.webp","width":339,"height":100,"caption":"BetParches Shop"},"image":{"@id":"https:\/\/betparches.niixer.com\/#\/schema\/logo\/image\/"}}]}},"_links":{"self":[{"href":"https:\/\/betparches.niixer.com\/index.php\/wp-json\/wp\/v2\/pages\/224","targetHints":{"allow":["GET"]}}],"collection":[{"href":"https:\/\/betparches.niixer.com\/index.php\/wp-json\/wp\/v2\/pages"}],"about":[{"href":"https:\/\/betparches.niixer.com\/index.php\/wp-json\/wp\/v2\/types\/page"}],"author":[{"embeddable":true,"href":"https:\/\/betparches.niixer.com\/index.php\/wp-json\/wp\/v2\/users\/1"}],"replies":[{"embeddable":true,"href":"https:\/\/betparches.niixer.com\/index.php\/wp-json\/wp\/v2\/comments?post=224"}],"version-history":[{"count":43,"href":"https:\/\/betparches.niixer.com\/index.php\/wp-json\/wp\/v2\/pages\/224\/revisions"}],"predecessor-version":[{"id":592,"href":"https:\/\/betparches.niixer.com\/index.php\/wp-json\/wp\/v2\/pages\/224\/revisions\/592"}],"wp:attachment":[{"href":"https:\/\/betparches.niixer.com\/index.php\/wp-json\/wp\/v2\/media?parent=224"}],"curies":[{"name":"wp","href":"https:\/\/api.w.org\/{rel}","templated":true}]}}