{"id":337,"date":"2023-08-01T02:09:04","date_gmt":"2023-08-01T07:09:04","guid":{"rendered":"https:\/\/betparches.niixer.com\/?post_type=product&#038;p=337"},"modified":"2023-08-11T16:04:35","modified_gmt":"2023-08-11T21:04:35","slug":"kit-conmemorativo-77-anos-millonarios-fc","status":"publish","type":"product","link":"https:\/\/betparches.niixer.com\/index.php\/producto\/kit-conmemorativo-77-anos-millonarios-fc\/","title":{"rendered":"KIT CONMEMORATIVO 77 A\u00d1OS MILLONARIOS FC"},"content":{"rendered":"<p>Celebra la grandeza del Millonarios FC con nuestro Kit Conmemorativo 77 a\u00f1os. Un homenaje a la historia del club con dise\u00f1o exclusivo y materiales de calidad. Incluye una camiseta con el escudo ic\u00f3nico, un llavero conmemorativo y un elegante certificado numerado. Ideal para coleccionistas y apasionados del f\u00fatbol. Demuestra tu amor por el equipo m\u00e1s grande y lleva contigo el legado de Millonarios FC. \u00a1Edici\u00f3n limitada, no te quedes sin \u00e9l!<\/p>\n","protected":false},"excerpt":{"rendered":"<p><strong>Incluye:<\/strong><\/p>\n<p>Cervecero &#8211; Pin &#8211; Bufanda<\/p>\n","protected":false},"featured_media":338,"comment_status":"open","ping_status":"closed","template":"","meta":{"_joinchat":[]},"product_brand":[],"product_cat":[54],"product_tag":[57,56,55,58,51],"class_list":{"0":"post-337","1":"product","2":"type-product","3":"status-publish","4":"has-post-thumbnail","6":"product_cat-kit-conmemorativo-mfc","7":"product_tag-77-anos","8":"product_tag-conmemoracion","9":"product_tag-kit-mfc","10":"product_tag-mfc","11":"product_tag-millonarios","12":"post-thumbnail-displayed","14":"first","15":"instock","16":"sale","17":"taxable","18":"shipping-taxable","19":"purchasable","20":"product-type-simple"},"yoast_head":"<!-- This site is optimized with the Yoast SEO plugin v27.3 - https:\/\/yoast.com\/product\/yoast-seo-wordpress\/ -->\n<title>KIT CONMEMORATIVO 77 A\u00d1OS MILLONARIOS FC - BetParches Shop<\/title>\n<meta name=\"robots\" content=\"noindex, follow, max-snippet:-1, max-image-preview:large, max-video-preview:-1\" \/>\n<meta property=\"og:locale\" content=\"es_ES\" \/>\n<meta property=\"og:type\" content=\"article\" \/>\n<meta property=\"og:title\" content=\"KIT CONMEMORATIVO 77 A\u00d1OS MILLONARIOS FC - BetParches Shop\" \/>\n<meta property=\"og:description\" content=\"Incluye:  Cervecero - Pin - Bufanda\" \/>\n<meta property=\"og:url\" content=\"https:\/\/betparches.niixer.com\/index.php\/producto\/kit-conmemorativo-77-anos-millonarios-fc\/\" \/>\n<meta property=\"og:site_name\" content=\"BetParches Shop\" \/>\n<meta property=\"article:modified_time\" content=\"2023-08-11T21:04:35+00:00\" \/>\n<meta property=\"og:image\" content=\"http:\/\/betparches.niixer.com\/wp-content\/uploads\/2023\/08\/CAJA5.webp\" \/>\n\t<meta property=\"og:image:width\" content=\"1500\" \/>\n\t<meta property=\"og:image:height\" content=\"1500\" \/>\n\t<meta property=\"og:image:type\" content=\"image\/webp\" \/>\n<meta name=\"twitter:card\" content=\"summary_large_image\" \/>\n<script type=\"application\/ld+json\" class=\"yoast-schema-graph\">{\"@context\":\"https:\\\/\\\/schema.org\",\"@graph\":[{\"@type\":\"WebPage\",\"@id\":\"https:\\\/\\\/betparches.niixer.com\\\/index.php\\\/producto\\\/kit-conmemorativo-77-anos-millonarios-fc\\\/\",\"url\":\"https:\\\/\\\/betparches.niixer.com\\\/index.php\\\/producto\\\/kit-conmemorativo-77-anos-millonarios-fc\\\/\",\"name\":\"KIT CONMEMORATIVO 77 A\u00d1OS MILLONARIOS FC - BetParches Shop\",\"isPartOf\":{\"@id\":\"https:\\\/\\\/betparches.niixer.com\\\/#website\"},\"primaryImageOfPage\":{\"@id\":\"https:\\\/\\\/betparches.niixer.com\\\/index.php\\\/producto\\\/kit-conmemorativo-77-anos-millonarios-fc\\\/#primaryimage\"},\"image\":{\"@id\":\"https:\\\/\\\/betparches.niixer.com\\\/index.php\\\/producto\\\/kit-conmemorativo-77-anos-millonarios-fc\\\/#primaryimage\"},\"thumbnailUrl\":\"https:\\\/\\\/betparches.niixer.com\\\/wp-content\\\/uploads\\\/2023\\\/08\\\/CAJA5.webp\",\"datePublished\":\"2023-08-01T07:09:04+00:00\",\"dateModified\":\"2023-08-11T21:04:35+00:00\",\"breadcrumb\":{\"@id\":\"https:\\\/\\\/betparches.niixer.com\\\/index.php\\\/producto\\\/kit-conmemorativo-77-anos-millonarios-fc\\\/#breadcrumb\"},\"inLanguage\":\"es\",\"potentialAction\":[{\"@type\":\"ReadAction\",\"target\":[\"https:\\\/\\\/betparches.niixer.com\\\/index.php\\\/producto\\\/kit-conmemorativo-77-anos-millonarios-fc\\\/\"]}]},{\"@type\":\"ImageObject\",\"inLanguage\":\"es\",\"@id\":\"https:\\\/\\\/betparches.niixer.com\\\/index.php\\\/producto\\\/kit-conmemorativo-77-anos-millonarios-fc\\\/#primaryimage\",\"url\":\"https:\\\/\\\/betparches.niixer.com\\\/wp-content\\\/uploads\\\/2023\\\/08\\\/CAJA5.webp\",\"contentUrl\":\"https:\\\/\\\/betparches.niixer.com\\\/wp-content\\\/uploads\\\/2023\\\/08\\\/CAJA5.webp\",\"width\":1500,\"height\":1500,\"caption\":\"CAJA\"},{\"@type\":\"BreadcrumbList\",\"@id\":\"https:\\\/\\\/betparches.niixer.com\\\/index.php\\\/producto\\\/kit-conmemorativo-77-anos-millonarios-fc\\\/#breadcrumb\",\"itemListElement\":[{\"@type\":\"ListItem\",\"position\":1,\"name\":\"Portada\",\"item\":\"https:\\\/\\\/betparches.niixer.com\\\/\"},{\"@type\":\"ListItem\",\"position\":2,\"name\":\"Shop\",\"item\":\"https:\\\/\\\/betparches.niixer.com\\\/index.php\\\/shop\\\/\"},{\"@type\":\"ListItem\",\"position\":3,\"name\":\"KIT CONMEMORATIVO 77 A\u00d1OS MILLONARIOS FC\"}]},{\"@type\":\"WebSite\",\"@id\":\"https:\\\/\\\/betparches.niixer.com\\\/#website\",\"url\":\"https:\\\/\\\/betparches.niixer.com\\\/\",\"name\":\"BetParches Shop\",\"description\":\"\",\"publisher\":{\"@id\":\"https:\\\/\\\/betparches.niixer.com\\\/#organization\"},\"potentialAction\":[{\"@type\":\"SearchAction\",\"target\":{\"@type\":\"EntryPoint\",\"urlTemplate\":\"https:\\\/\\\/betparches.niixer.com\\\/?s={search_term_string}\"},\"query-input\":{\"@type\":\"PropertyValueSpecification\",\"valueRequired\":true,\"valueName\":\"search_term_string\"}}],\"inLanguage\":\"es\"},{\"@type\":\"Organization\",\"@id\":\"https:\\\/\\\/betparches.niixer.com\\\/#organization\",\"name\":\"BetParches Shop\",\"url\":\"https:\\\/\\\/betparches.niixer.com\\\/\",\"logo\":{\"@type\":\"ImageObject\",\"inLanguage\":\"es\",\"@id\":\"https:\\\/\\\/betparches.niixer.com\\\/#\\\/schema\\\/logo\\\/image\\\/\",\"url\":\"https:\\\/\\\/betparches.niixer.com\\\/wp-content\\\/uploads\\\/2023\\\/08\\\/Logo_BetParches-Millonarios-1.webp\",\"contentUrl\":\"https:\\\/\\\/betparches.niixer.com\\\/wp-content\\\/uploads\\\/2023\\\/08\\\/Logo_BetParches-Millonarios-1.webp\",\"width\":339,\"height\":100,\"caption\":\"BetParches Shop\"},\"image\":{\"@id\":\"https:\\\/\\\/betparches.niixer.com\\\/#\\\/schema\\\/logo\\\/image\\\/\"}}]}<\/script>\n<!-- \/ Yoast SEO plugin. -->","yoast_head_json":{"title":"KIT CONMEMORATIVO 77 A\u00d1OS MILLONARIOS FC - BetParches Shop","robots":{"index":"noindex","follow":"follow","max-snippet":"max-snippet:-1","max-image-preview":"max-image-preview:large","max-video-preview":"max-video-preview:-1"},"og_locale":"es_ES","og_type":"article","og_title":"KIT CONMEMORATIVO 77 A\u00d1OS MILLONARIOS FC - BetParches Shop","og_description":"Incluye:  Cervecero - Pin - Bufanda","og_url":"https:\/\/betparches.niixer.com\/index.php\/producto\/kit-conmemorativo-77-anos-millonarios-fc\/","og_site_name":"BetParches Shop","article_modified_time":"2023-08-11T21:04:35+00:00","og_image":[{"width":1500,"height":1500,"url":"http:\/\/betparches.niixer.com\/wp-content\/uploads\/2023\/08\/CAJA5.webp","type":"image\/webp"}],"twitter_card":"summary_large_image","schema":{"@context":"https:\/\/schema.org","@graph":[{"@type":"WebPage","@id":"https:\/\/betparches.niixer.com\/index.php\/producto\/kit-conmemorativo-77-anos-millonarios-fc\/","url":"https:\/\/betparches.niixer.com\/index.php\/producto\/kit-conmemorativo-77-anos-millonarios-fc\/","name":"KIT CONMEMORATIVO 77 A\u00d1OS MILLONARIOS FC - BetParches Shop","isPartOf":{"@id":"https:\/\/betparches.niixer.com\/#website"},"primaryImageOfPage":{"@id":"https:\/\/betparches.niixer.com\/index.php\/producto\/kit-conmemorativo-77-anos-millonarios-fc\/#primaryimage"},"image":{"@id":"https:\/\/betparches.niixer.com\/index.php\/producto\/kit-conmemorativo-77-anos-millonarios-fc\/#primaryimage"},"thumbnailUrl":"https:\/\/betparches.niixer.com\/wp-content\/uploads\/2023\/08\/CAJA5.webp","datePublished":"2023-08-01T07:09:04+00:00","dateModified":"2023-08-11T21:04:35+00:00","breadcrumb":{"@id":"https:\/\/betparches.niixer.com\/index.php\/producto\/kit-conmemorativo-77-anos-millonarios-fc\/#breadcrumb"},"inLanguage":"es","potentialAction":[{"@type":"ReadAction","target":["https:\/\/betparches.niixer.com\/index.php\/producto\/kit-conmemorativo-77-anos-millonarios-fc\/"]}]},{"@type":"ImageObject","inLanguage":"es","@id":"https:\/\/betparches.niixer.com\/index.php\/producto\/kit-conmemorativo-77-anos-millonarios-fc\/#primaryimage","url":"https:\/\/betparches.niixer.com\/wp-content\/uploads\/2023\/08\/CAJA5.webp","contentUrl":"https:\/\/betparches.niixer.com\/wp-content\/uploads\/2023\/08\/CAJA5.webp","width":1500,"height":1500,"caption":"CAJA"},{"@type":"BreadcrumbList","@id":"https:\/\/betparches.niixer.com\/index.php\/producto\/kit-conmemorativo-77-anos-millonarios-fc\/#breadcrumb","itemListElement":[{"@type":"ListItem","position":1,"name":"Portada","item":"https:\/\/betparches.niixer.com\/"},{"@type":"ListItem","position":2,"name":"Shop","item":"https:\/\/betparches.niixer.com\/index.php\/shop\/"},{"@type":"ListItem","position":3,"name":"KIT CONMEMORATIVO 77 A\u00d1OS MILLONARIOS FC"}]},{"@type":"WebSite","@id":"https:\/\/betparches.niixer.com\/#website","url":"https:\/\/betparches.niixer.com\/","name":"BetParches Shop","description":"","publisher":{"@id":"https:\/\/betparches.niixer.com\/#organization"},"potentialAction":[{"@type":"SearchAction","target":{"@type":"EntryPoint","urlTemplate":"https:\/\/betparches.niixer.com\/?s={search_term_string}"},"query-input":{"@type":"PropertyValueSpecification","valueRequired":true,"valueName":"search_term_string"}}],"inLanguage":"es"},{"@type":"Organization","@id":"https:\/\/betparches.niixer.com\/#organization","name":"BetParches Shop","url":"https:\/\/betparches.niixer.com\/","logo":{"@type":"ImageObject","inLanguage":"es","@id":"https:\/\/betparches.niixer.com\/#\/schema\/logo\/image\/","url":"https:\/\/betparches.niixer.com\/wp-content\/uploads\/2023\/08\/Logo_BetParches-Millonarios-1.webp","contentUrl":"https:\/\/betparches.niixer.com\/wp-content\/uploads\/2023\/08\/Logo_BetParches-Millonarios-1.webp","width":339,"height":100,"caption":"BetParches Shop"},"image":{"@id":"https:\/\/betparches.niixer.com\/#\/schema\/logo\/image\/"}}]}},"_links":{"self":[{"href":"https:\/\/betparches.niixer.com\/index.php\/wp-json\/wp\/v2\/product\/337","targetHints":{"allow":["GET"]}}],"collection":[{"href":"https:\/\/betparches.niixer.com\/index.php\/wp-json\/wp\/v2\/product"}],"about":[{"href":"https:\/\/betparches.niixer.com\/index.php\/wp-json\/wp\/v2\/types\/product"}],"replies":[{"embeddable":true,"href":"https:\/\/betparches.niixer.com\/index.php\/wp-json\/wp\/v2\/comments?post=337"}],"wp:featuredmedia":[{"embeddable":true,"href":"https:\/\/betparches.niixer.com\/index.php\/wp-json\/wp\/v2\/media\/338"}],"wp:attachment":[{"href":"https:\/\/betparches.niixer.com\/index.php\/wp-json\/wp\/v2\/media?parent=337"}],"wp:term":[{"taxonomy":"product_brand","embeddable":true,"href":"https:\/\/betparches.niixer.com\/index.php\/wp-json\/wp\/v2\/product_brand?post=337"},{"taxonomy":"product_cat","embeddable":true,"href":"https:\/\/betparches.niixer.com\/index.php\/wp-json\/wp\/v2\/product_cat?post=337"},{"taxonomy":"product_tag","embeddable":true,"href":"https:\/\/betparches.niixer.com\/index.php\/wp-json\/wp\/v2\/product_tag?post=337"}],"curies":[{"name":"wp","href":"https:\/\/api.w.org\/{rel}","templated":true}]}}