{"id":343,"date":"2023-08-01T02:32:48","date_gmt":"2023-08-01T00:32:48","guid":{"rendered":"https:\/\/betparches.niixer.com\/?post_type=product&#038;p=343"},"modified":"2023-08-01T02:34:41","modified_gmt":"2023-08-01T00:34:41","slug":"morral-adidas-2023","status":"publish","type":"product","link":"https:\/\/betparches.niixer.com\/index.php\/producto\/morral-adidas-2023\/","title":{"rendered":"MORRAL ADIDAS 2023"},"content":{"rendered":"<p>Presentamos la Maleta Adidas Negra, un imprescindible para tus aventuras diarias. Con un dise\u00f1o elegante y vers\u00e1til, esta maleta te acompa\u00f1a en tus viajes y actividades deportivas. Fabricada con materiales resistentes y duraderos, ofrece amplio espacio de almacenamiento y organizaci\u00f3n. Su color negro cl\u00e1sico se combina f\u00e1cilmente con cualquier estilo. C\u00f3modas asas y correas ajustables hacen que sea f\u00e1cil de llevar. Lleva contigo el estilo y calidad de Adidas a donde vayas con esta pr\u00e1ctica maleta negra. \u00a1Tu compa\u00f1era ideal para cada ocasi\u00f3n!<\/p>\n","protected":false},"excerpt":{"rendered":"<p>No usar Lej\u00eda\/ Cloro<\/p>\n","protected":false},"featured_media":344,"comment_status":"open","ping_status":"closed","template":"","meta":{"_joinchat":[]},"product_brand":[],"product_cat":[64],"product_tag":[66,68,67,65,58],"class_list":{"0":"post-343","1":"product","2":"type-product","3":"status-publish","4":"has-post-thumbnail","6":"product_cat-maleta-mfc","7":"product_tag-adidas","8":"product_tag-escudo-millonarios","9":"product_tag-maleta-de-mano","10":"product_tag-maleta-mfc","11":"product_tag-mfc","12":"post-thumbnail-displayed","14":"first","15":"instock","16":"taxable","17":"shipping-taxable","18":"purchasable","19":"product-type-simple"},"yoast_head":"<!-- This site is optimized with the Yoast SEO plugin v27.3 - https:\/\/yoast.com\/product\/yoast-seo-wordpress\/ -->\n<title>MORRAL ADIDAS 2023 - BetParches Shop<\/title>\n<meta name=\"robots\" content=\"noindex, follow, max-snippet:-1, max-image-preview:large, max-video-preview:-1\" \/>\n<meta property=\"og:locale\" content=\"es_ES\" \/>\n<meta property=\"og:type\" content=\"article\" \/>\n<meta property=\"og:title\" content=\"MORRAL ADIDAS 2023 - BetParches Shop\" \/>\n<meta property=\"og:description\" content=\"No usar Lej\u00eda\/ Cloro\" \/>\n<meta property=\"og:url\" content=\"https:\/\/betparches.niixer.com\/index.php\/producto\/morral-adidas-2023\/\" \/>\n<meta property=\"og:site_name\" content=\"BetParches Shop\" \/>\n<meta property=\"article:modified_time\" content=\"2023-08-01T00:34:41+00:00\" \/>\n<meta property=\"og:image\" content=\"https:\/\/betparches.niixer.com\/wp-content\/uploads\/2023\/08\/MALETA-ADIDAS-NEGRA.webp\" \/>\n\t<meta property=\"og:image:width\" content=\"1500\" \/>\n\t<meta property=\"og:image:height\" content=\"1500\" \/>\n\t<meta property=\"og:image:type\" content=\"image\/webp\" \/>\n<meta name=\"twitter:card\" content=\"summary_large_image\" \/>\n<script type=\"application\/ld+json\" class=\"yoast-schema-graph\">{\"@context\":\"https:\\\/\\\/schema.org\",\"@graph\":[{\"@type\":\"WebPage\",\"@id\":\"https:\\\/\\\/betparches.niixer.com\\\/index.php\\\/producto\\\/morral-adidas-2023\\\/\",\"url\":\"https:\\\/\\\/betparches.niixer.com\\\/index.php\\\/producto\\\/morral-adidas-2023\\\/\",\"name\":\"MORRAL ADIDAS 2023 - BetParches Shop\",\"isPartOf\":{\"@id\":\"https:\\\/\\\/betparches.niixer.com\\\/#website\"},\"primaryImageOfPage\":{\"@id\":\"https:\\\/\\\/betparches.niixer.com\\\/index.php\\\/producto\\\/morral-adidas-2023\\\/#primaryimage\"},\"image\":{\"@id\":\"https:\\\/\\\/betparches.niixer.com\\\/index.php\\\/producto\\\/morral-adidas-2023\\\/#primaryimage\"},\"thumbnailUrl\":\"https:\\\/\\\/betparches.niixer.com\\\/wp-content\\\/uploads\\\/2023\\\/08\\\/MALETA-ADIDAS-NEGRA.webp\",\"datePublished\":\"2023-08-01T00:32:48+00:00\",\"dateModified\":\"2023-08-01T00:34:41+00:00\",\"breadcrumb\":{\"@id\":\"https:\\\/\\\/betparches.niixer.com\\\/index.php\\\/producto\\\/morral-adidas-2023\\\/#breadcrumb\"},\"inLanguage\":\"es\",\"potentialAction\":[{\"@type\":\"ReadAction\",\"target\":[\"https:\\\/\\\/betparches.niixer.com\\\/index.php\\\/producto\\\/morral-adidas-2023\\\/\"]}]},{\"@type\":\"ImageObject\",\"inLanguage\":\"es\",\"@id\":\"https:\\\/\\\/betparches.niixer.com\\\/index.php\\\/producto\\\/morral-adidas-2023\\\/#primaryimage\",\"url\":\"https:\\\/\\\/betparches.niixer.com\\\/wp-content\\\/uploads\\\/2023\\\/08\\\/MALETA-ADIDAS-NEGRA.webp\",\"contentUrl\":\"https:\\\/\\\/betparches.niixer.com\\\/wp-content\\\/uploads\\\/2023\\\/08\\\/MALETA-ADIDAS-NEGRA.webp\",\"width\":1500,\"height\":1500,\"caption\":\"MALETA ADIDAS NEGRA\"},{\"@type\":\"BreadcrumbList\",\"@id\":\"https:\\\/\\\/betparches.niixer.com\\\/index.php\\\/producto\\\/morral-adidas-2023\\\/#breadcrumb\",\"itemListElement\":[{\"@type\":\"ListItem\",\"position\":1,\"name\":\"Portada\",\"item\":\"https:\\\/\\\/betparches.niixer.com\\\/\"},{\"@type\":\"ListItem\",\"position\":2,\"name\":\"Shop\",\"item\":\"https:\\\/\\\/betparches.niixer.com\\\/index.php\\\/shop\\\/\"},{\"@type\":\"ListItem\",\"position\":3,\"name\":\"MORRAL ADIDAS 2023\"}]},{\"@type\":\"WebSite\",\"@id\":\"https:\\\/\\\/betparches.niixer.com\\\/#website\",\"url\":\"https:\\\/\\\/betparches.niixer.com\\\/\",\"name\":\"BetParches Shop\",\"description\":\"\",\"publisher\":{\"@id\":\"https:\\\/\\\/betparches.niixer.com\\\/#organization\"},\"potentialAction\":[{\"@type\":\"SearchAction\",\"target\":{\"@type\":\"EntryPoint\",\"urlTemplate\":\"https:\\\/\\\/betparches.niixer.com\\\/?s={search_term_string}\"},\"query-input\":{\"@type\":\"PropertyValueSpecification\",\"valueRequired\":true,\"valueName\":\"search_term_string\"}}],\"inLanguage\":\"es\"},{\"@type\":\"Organization\",\"@id\":\"https:\\\/\\\/betparches.niixer.com\\\/#organization\",\"name\":\"BetParches Shop\",\"url\":\"https:\\\/\\\/betparches.niixer.com\\\/\",\"logo\":{\"@type\":\"ImageObject\",\"inLanguage\":\"es\",\"@id\":\"https:\\\/\\\/betparches.niixer.com\\\/#\\\/schema\\\/logo\\\/image\\\/\",\"url\":\"https:\\\/\\\/betparches.niixer.com\\\/wp-content\\\/uploads\\\/2023\\\/08\\\/Logo_BetParches-Millonarios-1.webp\",\"contentUrl\":\"https:\\\/\\\/betparches.niixer.com\\\/wp-content\\\/uploads\\\/2023\\\/08\\\/Logo_BetParches-Millonarios-1.webp\",\"width\":339,\"height\":100,\"caption\":\"BetParches Shop\"},\"image\":{\"@id\":\"https:\\\/\\\/betparches.niixer.com\\\/#\\\/schema\\\/logo\\\/image\\\/\"}}]}<\/script>\n<!-- \/ Yoast SEO plugin. -->","yoast_head_json":{"title":"MORRAL ADIDAS 2023 - BetParches Shop","robots":{"index":"noindex","follow":"follow","max-snippet":"max-snippet:-1","max-image-preview":"max-image-preview:large","max-video-preview":"max-video-preview:-1"},"og_locale":"es_ES","og_type":"article","og_title":"MORRAL ADIDAS 2023 - BetParches Shop","og_description":"No usar Lej\u00eda\/ Cloro","og_url":"https:\/\/betparches.niixer.com\/index.php\/producto\/morral-adidas-2023\/","og_site_name":"BetParches Shop","article_modified_time":"2023-08-01T00:34:41+00:00","og_image":[{"width":1500,"height":1500,"url":"https:\/\/betparches.niixer.com\/wp-content\/uploads\/2023\/08\/MALETA-ADIDAS-NEGRA.webp","type":"image\/webp"}],"twitter_card":"summary_large_image","schema":{"@context":"https:\/\/schema.org","@graph":[{"@type":"WebPage","@id":"https:\/\/betparches.niixer.com\/index.php\/producto\/morral-adidas-2023\/","url":"https:\/\/betparches.niixer.com\/index.php\/producto\/morral-adidas-2023\/","name":"MORRAL ADIDAS 2023 - BetParches Shop","isPartOf":{"@id":"https:\/\/betparches.niixer.com\/#website"},"primaryImageOfPage":{"@id":"https:\/\/betparches.niixer.com\/index.php\/producto\/morral-adidas-2023\/#primaryimage"},"image":{"@id":"https:\/\/betparches.niixer.com\/index.php\/producto\/morral-adidas-2023\/#primaryimage"},"thumbnailUrl":"https:\/\/betparches.niixer.com\/wp-content\/uploads\/2023\/08\/MALETA-ADIDAS-NEGRA.webp","datePublished":"2023-08-01T00:32:48+00:00","dateModified":"2023-08-01T00:34:41+00:00","breadcrumb":{"@id":"https:\/\/betparches.niixer.com\/index.php\/producto\/morral-adidas-2023\/#breadcrumb"},"inLanguage":"es","potentialAction":[{"@type":"ReadAction","target":["https:\/\/betparches.niixer.com\/index.php\/producto\/morral-adidas-2023\/"]}]},{"@type":"ImageObject","inLanguage":"es","@id":"https:\/\/betparches.niixer.com\/index.php\/producto\/morral-adidas-2023\/#primaryimage","url":"https:\/\/betparches.niixer.com\/wp-content\/uploads\/2023\/08\/MALETA-ADIDAS-NEGRA.webp","contentUrl":"https:\/\/betparches.niixer.com\/wp-content\/uploads\/2023\/08\/MALETA-ADIDAS-NEGRA.webp","width":1500,"height":1500,"caption":"MALETA ADIDAS NEGRA"},{"@type":"BreadcrumbList","@id":"https:\/\/betparches.niixer.com\/index.php\/producto\/morral-adidas-2023\/#breadcrumb","itemListElement":[{"@type":"ListItem","position":1,"name":"Portada","item":"https:\/\/betparches.niixer.com\/"},{"@type":"ListItem","position":2,"name":"Shop","item":"https:\/\/betparches.niixer.com\/index.php\/shop\/"},{"@type":"ListItem","position":3,"name":"MORRAL ADIDAS 2023"}]},{"@type":"WebSite","@id":"https:\/\/betparches.niixer.com\/#website","url":"https:\/\/betparches.niixer.com\/","name":"BetParches Shop","description":"","publisher":{"@id":"https:\/\/betparches.niixer.com\/#organization"},"potentialAction":[{"@type":"SearchAction","target":{"@type":"EntryPoint","urlTemplate":"https:\/\/betparches.niixer.com\/?s={search_term_string}"},"query-input":{"@type":"PropertyValueSpecification","valueRequired":true,"valueName":"search_term_string"}}],"inLanguage":"es"},{"@type":"Organization","@id":"https:\/\/betparches.niixer.com\/#organization","name":"BetParches Shop","url":"https:\/\/betparches.niixer.com\/","logo":{"@type":"ImageObject","inLanguage":"es","@id":"https:\/\/betparches.niixer.com\/#\/schema\/logo\/image\/","url":"https:\/\/betparches.niixer.com\/wp-content\/uploads\/2023\/08\/Logo_BetParches-Millonarios-1.webp","contentUrl":"https:\/\/betparches.niixer.com\/wp-content\/uploads\/2023\/08\/Logo_BetParches-Millonarios-1.webp","width":339,"height":100,"caption":"BetParches Shop"},"image":{"@id":"https:\/\/betparches.niixer.com\/#\/schema\/logo\/image\/"}}]}},"_links":{"self":[{"href":"https:\/\/betparches.niixer.com\/index.php\/wp-json\/wp\/v2\/product\/343","targetHints":{"allow":["GET"]}}],"collection":[{"href":"https:\/\/betparches.niixer.com\/index.php\/wp-json\/wp\/v2\/product"}],"about":[{"href":"https:\/\/betparches.niixer.com\/index.php\/wp-json\/wp\/v2\/types\/product"}],"replies":[{"embeddable":true,"href":"https:\/\/betparches.niixer.com\/index.php\/wp-json\/wp\/v2\/comments?post=343"}],"wp:featuredmedia":[{"embeddable":true,"href":"https:\/\/betparches.niixer.com\/index.php\/wp-json\/wp\/v2\/media\/344"}],"wp:attachment":[{"href":"https:\/\/betparches.niixer.com\/index.php\/wp-json\/wp\/v2\/media?parent=343"}],"wp:term":[{"taxonomy":"product_brand","embeddable":true,"href":"https:\/\/betparches.niixer.com\/index.php\/wp-json\/wp\/v2\/product_brand?post=343"},{"taxonomy":"product_cat","embeddable":true,"href":"https:\/\/betparches.niixer.com\/index.php\/wp-json\/wp\/v2\/product_cat?post=343"},{"taxonomy":"product_tag","embeddable":true,"href":"https:\/\/betparches.niixer.com\/index.php\/wp-json\/wp\/v2\/product_tag?post=343"}],"curies":[{"name":"wp","href":"https:\/\/api.w.org\/{rel}","templated":true}]}}