{"id":346,"date":"2023-08-01T02:57:04","date_gmt":"2023-08-01T00:57:04","guid":{"rendered":"https:\/\/betparches.niixer.com\/?post_type=product&#038;p=346"},"modified":"2023-08-01T21:49:23","modified_gmt":"2023-08-01T19:49:23","slug":"combo-campeon-mfc","status":"publish","type":"product","link":"https:\/\/betparches.niixer.com\/index.php\/producto\/combo-campeon-mfc\/","title":{"rendered":"COMBO CAMPE\u00d3N MFC"},"content":{"rendered":"<p>El kit deportivo del equipo campe\u00f3n es una mezcla perfecta de estilo y rendimiento. Confeccionado con materiales de alta calidad, el dise\u00f1o del kit refleja los colores y la identidad del equipo.\u00a0 Este kit ic\u00f3nico no solo es un s\u00edmbolo de \u00e9xito, sino que tambi\u00e9n representa la unidad y el esp\u00edritu indomable que llev\u00f3 al equipo a la victoria. Es el combo perfecto para que los fan\u00e1ticos celebren con orgullo el t\u00edtulo ganado por su equipo.<\/p>\n","protected":false},"excerpt":{"rendered":"<p>No aplican restricciones para este producto<\/p>\n","protected":false},"featured_media":347,"comment_status":"open","ping_status":"closed","template":"","meta":{"_joinchat":[]},"product_brand":[],"product_cat":[95],"product_tag":[85,84,79,68,86],"class_list":{"0":"post-346","1":"product","2":"type-product","3":"status-publish","4":"has-post-thumbnail","6":"product_cat-combo-campeon","7":"product_tag-bufanda","8":"product_tag-camiseta","9":"product_tag-combos","10":"product_tag-escudo-millonarios","11":"product_tag-vaso","12":"post-thumbnail-displayed","14":"first","15":"instock","16":"taxable","17":"shipping-taxable","18":"purchasable","19":"product-type-variable"},"yoast_head":"<!-- This site is optimized with the Yoast SEO plugin v27.3 - https:\/\/yoast.com\/product\/yoast-seo-wordpress\/ -->\n<title>COMBO CAMPE\u00d3N MFC - BetParches Shop<\/title>\n<meta name=\"robots\" content=\"noindex, follow, max-snippet:-1, max-image-preview:large, max-video-preview:-1\" \/>\n<meta property=\"og:locale\" content=\"es_ES\" \/>\n<meta property=\"og:type\" content=\"article\" \/>\n<meta property=\"og:title\" content=\"COMBO CAMPE\u00d3N MFC - BetParches Shop\" \/>\n<meta property=\"og:description\" content=\"No aplican restricciones para este producto\" \/>\n<meta property=\"og:url\" content=\"https:\/\/betparches.niixer.com\/index.php\/producto\/combo-campeon-mfc\/\" \/>\n<meta property=\"og:site_name\" content=\"BetParches Shop\" \/>\n<meta property=\"article:modified_time\" content=\"2023-08-01T19:49:23+00:00\" \/>\n<meta property=\"og:image\" content=\"https:\/\/betparches.niixer.com\/wp-content\/uploads\/2023\/08\/CM_5.webp\" \/>\n\t<meta property=\"og:image:width\" content=\"1500\" \/>\n\t<meta property=\"og:image:height\" content=\"1500\" \/>\n\t<meta property=\"og:image:type\" content=\"image\/webp\" \/>\n<meta name=\"twitter:card\" content=\"summary_large_image\" \/>\n<script type=\"application\/ld+json\" class=\"yoast-schema-graph\">{\"@context\":\"https:\\\/\\\/schema.org\",\"@graph\":[{\"@type\":\"WebPage\",\"@id\":\"https:\\\/\\\/betparches.niixer.com\\\/index.php\\\/producto\\\/combo-campeon-mfc\\\/\",\"url\":\"https:\\\/\\\/betparches.niixer.com\\\/index.php\\\/producto\\\/combo-campeon-mfc\\\/\",\"name\":\"COMBO CAMPE\u00d3N MFC - BetParches Shop\",\"isPartOf\":{\"@id\":\"https:\\\/\\\/betparches.niixer.com\\\/#website\"},\"primaryImageOfPage\":{\"@id\":\"https:\\\/\\\/betparches.niixer.com\\\/index.php\\\/producto\\\/combo-campeon-mfc\\\/#primaryimage\"},\"image\":{\"@id\":\"https:\\\/\\\/betparches.niixer.com\\\/index.php\\\/producto\\\/combo-campeon-mfc\\\/#primaryimage\"},\"thumbnailUrl\":\"https:\\\/\\\/betparches.niixer.com\\\/wp-content\\\/uploads\\\/2023\\\/08\\\/CM_5.webp\",\"datePublished\":\"2023-08-01T00:57:04+00:00\",\"dateModified\":\"2023-08-01T19:49:23+00:00\",\"breadcrumb\":{\"@id\":\"https:\\\/\\\/betparches.niixer.com\\\/index.php\\\/producto\\\/combo-campeon-mfc\\\/#breadcrumb\"},\"inLanguage\":\"es\",\"potentialAction\":[{\"@type\":\"ReadAction\",\"target\":[\"https:\\\/\\\/betparches.niixer.com\\\/index.php\\\/producto\\\/combo-campeon-mfc\\\/\"]}]},{\"@type\":\"ImageObject\",\"inLanguage\":\"es\",\"@id\":\"https:\\\/\\\/betparches.niixer.com\\\/index.php\\\/producto\\\/combo-campeon-mfc\\\/#primaryimage\",\"url\":\"https:\\\/\\\/betparches.niixer.com\\\/wp-content\\\/uploads\\\/2023\\\/08\\\/CM_5.webp\",\"contentUrl\":\"https:\\\/\\\/betparches.niixer.com\\\/wp-content\\\/uploads\\\/2023\\\/08\\\/CM_5.webp\",\"width\":1500,\"height\":1500,\"caption\":\"COMBO CAMPE\u00d3N\"},{\"@type\":\"BreadcrumbList\",\"@id\":\"https:\\\/\\\/betparches.niixer.com\\\/index.php\\\/producto\\\/combo-campeon-mfc\\\/#breadcrumb\",\"itemListElement\":[{\"@type\":\"ListItem\",\"position\":1,\"name\":\"Portada\",\"item\":\"https:\\\/\\\/betparches.niixer.com\\\/\"},{\"@type\":\"ListItem\",\"position\":2,\"name\":\"Shop\",\"item\":\"https:\\\/\\\/betparches.niixer.com\\\/index.php\\\/shop\\\/\"},{\"@type\":\"ListItem\",\"position\":3,\"name\":\"COMBO CAMPE\u00d3N MFC\"}]},{\"@type\":\"WebSite\",\"@id\":\"https:\\\/\\\/betparches.niixer.com\\\/#website\",\"url\":\"https:\\\/\\\/betparches.niixer.com\\\/\",\"name\":\"BetParches Shop\",\"description\":\"\",\"publisher\":{\"@id\":\"https:\\\/\\\/betparches.niixer.com\\\/#organization\"},\"potentialAction\":[{\"@type\":\"SearchAction\",\"target\":{\"@type\":\"EntryPoint\",\"urlTemplate\":\"https:\\\/\\\/betparches.niixer.com\\\/?s={search_term_string}\"},\"query-input\":{\"@type\":\"PropertyValueSpecification\",\"valueRequired\":true,\"valueName\":\"search_term_string\"}}],\"inLanguage\":\"es\"},{\"@type\":\"Organization\",\"@id\":\"https:\\\/\\\/betparches.niixer.com\\\/#organization\",\"name\":\"BetParches Shop\",\"url\":\"https:\\\/\\\/betparches.niixer.com\\\/\",\"logo\":{\"@type\":\"ImageObject\",\"inLanguage\":\"es\",\"@id\":\"https:\\\/\\\/betparches.niixer.com\\\/#\\\/schema\\\/logo\\\/image\\\/\",\"url\":\"https:\\\/\\\/betparches.niixer.com\\\/wp-content\\\/uploads\\\/2023\\\/08\\\/Logo_BetParches-Millonarios-1.webp\",\"contentUrl\":\"https:\\\/\\\/betparches.niixer.com\\\/wp-content\\\/uploads\\\/2023\\\/08\\\/Logo_BetParches-Millonarios-1.webp\",\"width\":339,\"height\":100,\"caption\":\"BetParches Shop\"},\"image\":{\"@id\":\"https:\\\/\\\/betparches.niixer.com\\\/#\\\/schema\\\/logo\\\/image\\\/\"}}]}<\/script>\n<!-- \/ Yoast SEO plugin. -->","yoast_head_json":{"title":"COMBO CAMPE\u00d3N MFC - BetParches Shop","robots":{"index":"noindex","follow":"follow","max-snippet":"max-snippet:-1","max-image-preview":"max-image-preview:large","max-video-preview":"max-video-preview:-1"},"og_locale":"es_ES","og_type":"article","og_title":"COMBO CAMPE\u00d3N MFC - BetParches Shop","og_description":"No aplican restricciones para este producto","og_url":"https:\/\/betparches.niixer.com\/index.php\/producto\/combo-campeon-mfc\/","og_site_name":"BetParches Shop","article_modified_time":"2023-08-01T19:49:23+00:00","og_image":[{"width":1500,"height":1500,"url":"https:\/\/betparches.niixer.com\/wp-content\/uploads\/2023\/08\/CM_5.webp","type":"image\/webp"}],"twitter_card":"summary_large_image","schema":{"@context":"https:\/\/schema.org","@graph":[{"@type":"WebPage","@id":"https:\/\/betparches.niixer.com\/index.php\/producto\/combo-campeon-mfc\/","url":"https:\/\/betparches.niixer.com\/index.php\/producto\/combo-campeon-mfc\/","name":"COMBO CAMPE\u00d3N MFC - BetParches Shop","isPartOf":{"@id":"https:\/\/betparches.niixer.com\/#website"},"primaryImageOfPage":{"@id":"https:\/\/betparches.niixer.com\/index.php\/producto\/combo-campeon-mfc\/#primaryimage"},"image":{"@id":"https:\/\/betparches.niixer.com\/index.php\/producto\/combo-campeon-mfc\/#primaryimage"},"thumbnailUrl":"https:\/\/betparches.niixer.com\/wp-content\/uploads\/2023\/08\/CM_5.webp","datePublished":"2023-08-01T00:57:04+00:00","dateModified":"2023-08-01T19:49:23+00:00","breadcrumb":{"@id":"https:\/\/betparches.niixer.com\/index.php\/producto\/combo-campeon-mfc\/#breadcrumb"},"inLanguage":"es","potentialAction":[{"@type":"ReadAction","target":["https:\/\/betparches.niixer.com\/index.php\/producto\/combo-campeon-mfc\/"]}]},{"@type":"ImageObject","inLanguage":"es","@id":"https:\/\/betparches.niixer.com\/index.php\/producto\/combo-campeon-mfc\/#primaryimage","url":"https:\/\/betparches.niixer.com\/wp-content\/uploads\/2023\/08\/CM_5.webp","contentUrl":"https:\/\/betparches.niixer.com\/wp-content\/uploads\/2023\/08\/CM_5.webp","width":1500,"height":1500,"caption":"COMBO CAMPE\u00d3N"},{"@type":"BreadcrumbList","@id":"https:\/\/betparches.niixer.com\/index.php\/producto\/combo-campeon-mfc\/#breadcrumb","itemListElement":[{"@type":"ListItem","position":1,"name":"Portada","item":"https:\/\/betparches.niixer.com\/"},{"@type":"ListItem","position":2,"name":"Shop","item":"https:\/\/betparches.niixer.com\/index.php\/shop\/"},{"@type":"ListItem","position":3,"name":"COMBO CAMPE\u00d3N MFC"}]},{"@type":"WebSite","@id":"https:\/\/betparches.niixer.com\/#website","url":"https:\/\/betparches.niixer.com\/","name":"BetParches Shop","description":"","publisher":{"@id":"https:\/\/betparches.niixer.com\/#organization"},"potentialAction":[{"@type":"SearchAction","target":{"@type":"EntryPoint","urlTemplate":"https:\/\/betparches.niixer.com\/?s={search_term_string}"},"query-input":{"@type":"PropertyValueSpecification","valueRequired":true,"valueName":"search_term_string"}}],"inLanguage":"es"},{"@type":"Organization","@id":"https:\/\/betparches.niixer.com\/#organization","name":"BetParches Shop","url":"https:\/\/betparches.niixer.com\/","logo":{"@type":"ImageObject","inLanguage":"es","@id":"https:\/\/betparches.niixer.com\/#\/schema\/logo\/image\/","url":"https:\/\/betparches.niixer.com\/wp-content\/uploads\/2023\/08\/Logo_BetParches-Millonarios-1.webp","contentUrl":"https:\/\/betparches.niixer.com\/wp-content\/uploads\/2023\/08\/Logo_BetParches-Millonarios-1.webp","width":339,"height":100,"caption":"BetParches Shop"},"image":{"@id":"https:\/\/betparches.niixer.com\/#\/schema\/logo\/image\/"}}]}},"_links":{"self":[{"href":"https:\/\/betparches.niixer.com\/index.php\/wp-json\/wp\/v2\/product\/346","targetHints":{"allow":["GET"]}}],"collection":[{"href":"https:\/\/betparches.niixer.com\/index.php\/wp-json\/wp\/v2\/product"}],"about":[{"href":"https:\/\/betparches.niixer.com\/index.php\/wp-json\/wp\/v2\/types\/product"}],"replies":[{"embeddable":true,"href":"https:\/\/betparches.niixer.com\/index.php\/wp-json\/wp\/v2\/comments?post=346"}],"wp:featuredmedia":[{"embeddable":true,"href":"https:\/\/betparches.niixer.com\/index.php\/wp-json\/wp\/v2\/media\/347"}],"wp:attachment":[{"href":"https:\/\/betparches.niixer.com\/index.php\/wp-json\/wp\/v2\/media?parent=346"}],"wp:term":[{"taxonomy":"product_brand","embeddable":true,"href":"https:\/\/betparches.niixer.com\/index.php\/wp-json\/wp\/v2\/product_brand?post=346"},{"taxonomy":"product_cat","embeddable":true,"href":"https:\/\/betparches.niixer.com\/index.php\/wp-json\/wp\/v2\/product_cat?post=346"},{"taxonomy":"product_tag","embeddable":true,"href":"https:\/\/betparches.niixer.com\/index.php\/wp-json\/wp\/v2\/product_tag?post=346"}],"curies":[{"name":"wp","href":"https:\/\/api.w.org\/{rel}","templated":true}]}}