{"id":376,"date":"2023-08-01T03:50:42","date_gmt":"2023-08-01T01:50:42","guid":{"rendered":"https:\/\/betparches.niixer.com\/?post_type=product&#038;p=376"},"modified":"2023-08-11T09:03:59","modified_gmt":"2023-08-11T14:03:59","slug":"chaqueta-hombre-rompevientos-mfc","status":"publish","type":"product","link":"https:\/\/betparches.niixer.com\/index.php\/producto\/chaqueta-hombre-rompevientos-mfc\/","title":{"rendered":"CHAQUETA HOMBRE ROMPEVIENTOS MFC"},"content":{"rendered":"<p>Chaqueta Hombre rompevientos impermeable forrada en malla, escudo full rebordado, cuello alto y media cremallera en delantero y bolsillos de ribete, manga en combinaci\u00f3n de color y capota escondida en cuello, pu\u00f1o resortado y ruedo con ajuste de cord\u00f3n el\u00e1stico.<\/p>\n","protected":false},"excerpt":{"rendered":"<div class=\"field--item\">\n<div class=\"field field--name-field-icono-relacionado field--type-image field--label-hidden field--item\">Lavar a mano &#8211; No usar plancha &#8211; No usar Lej\u00eda\/ Cloro<\/div>\n<\/div>\n","protected":false},"featured_media":377,"comment_status":"open","ping_status":"closed","template":"","meta":{"_joinchat":[]},"product_brand":[],"product_cat":[70],"product_tag":[73,72,61,51,71],"class_list":{"0":"post-376","1":"product","2":"type-product","3":"status-publish","4":"has-post-thumbnail","6":"product_cat-rompevientos","7":"product_tag-chaqueta","8":"product_tag-hombre","9":"product_tag-impermeable","10":"product_tag-millonarios","11":"product_tag-rompevientos","12":"post-thumbnail-displayed","14":"first","15":"instock","16":"taxable","17":"shipping-taxable","18":"purchasable","19":"product-type-variable","20":"has-default-attributes"},"yoast_head":"<!-- This site is optimized with the Yoast SEO plugin v27.3 - https:\/\/yoast.com\/product\/yoast-seo-wordpress\/ -->\n<title>CHAQUETA HOMBRE ROMPEVIENTOS MFC - BetParches Shop<\/title>\n<meta name=\"robots\" content=\"noindex, follow, max-snippet:-1, max-image-preview:large, max-video-preview:-1\" \/>\n<meta property=\"og:locale\" content=\"es_ES\" \/>\n<meta property=\"og:type\" content=\"article\" \/>\n<meta property=\"og:title\" content=\"CHAQUETA HOMBRE ROMPEVIENTOS MFC - BetParches Shop\" \/>\n<meta property=\"og:description\" content=\"Lavar a mano - No usar plancha - No usar Lej\u00eda\/ Cloro\" \/>\n<meta property=\"og:url\" content=\"https:\/\/betparches.niixer.com\/index.php\/producto\/chaqueta-hombre-rompevientos-mfc\/\" \/>\n<meta property=\"og:site_name\" content=\"BetParches Shop\" \/>\n<meta property=\"article:modified_time\" content=\"2023-08-11T14:03:59+00:00\" \/>\n<meta property=\"og:image\" content=\"https:\/\/betparches.niixer.com\/wp-content\/uploads\/2023\/08\/ROMPEVIENTOS.webp\" \/>\n\t<meta property=\"og:image:width\" content=\"1500\" \/>\n\t<meta property=\"og:image:height\" content=\"1500\" \/>\n\t<meta property=\"og:image:type\" content=\"image\/webp\" \/>\n<meta name=\"twitter:card\" content=\"summary_large_image\" \/>\n<script type=\"application\/ld+json\" class=\"yoast-schema-graph\">{\"@context\":\"https:\\\/\\\/schema.org\",\"@graph\":[{\"@type\":\"WebPage\",\"@id\":\"https:\\\/\\\/betparches.niixer.com\\\/index.php\\\/producto\\\/chaqueta-hombre-rompevientos-mfc\\\/\",\"url\":\"https:\\\/\\\/betparches.niixer.com\\\/index.php\\\/producto\\\/chaqueta-hombre-rompevientos-mfc\\\/\",\"name\":\"CHAQUETA HOMBRE ROMPEVIENTOS MFC - BetParches Shop\",\"isPartOf\":{\"@id\":\"https:\\\/\\\/betparches.niixer.com\\\/#website\"},\"primaryImageOfPage\":{\"@id\":\"https:\\\/\\\/betparches.niixer.com\\\/index.php\\\/producto\\\/chaqueta-hombre-rompevientos-mfc\\\/#primaryimage\"},\"image\":{\"@id\":\"https:\\\/\\\/betparches.niixer.com\\\/index.php\\\/producto\\\/chaqueta-hombre-rompevientos-mfc\\\/#primaryimage\"},\"thumbnailUrl\":\"https:\\\/\\\/betparches.niixer.com\\\/wp-content\\\/uploads\\\/2023\\\/08\\\/ROMPEVIENTOS.webp\",\"datePublished\":\"2023-08-01T01:50:42+00:00\",\"dateModified\":\"2023-08-11T14:03:59+00:00\",\"breadcrumb\":{\"@id\":\"https:\\\/\\\/betparches.niixer.com\\\/index.php\\\/producto\\\/chaqueta-hombre-rompevientos-mfc\\\/#breadcrumb\"},\"inLanguage\":\"es\",\"potentialAction\":[{\"@type\":\"ReadAction\",\"target\":[\"https:\\\/\\\/betparches.niixer.com\\\/index.php\\\/producto\\\/chaqueta-hombre-rompevientos-mfc\\\/\"]}]},{\"@type\":\"ImageObject\",\"inLanguage\":\"es\",\"@id\":\"https:\\\/\\\/betparches.niixer.com\\\/index.php\\\/producto\\\/chaqueta-hombre-rompevientos-mfc\\\/#primaryimage\",\"url\":\"https:\\\/\\\/betparches.niixer.com\\\/wp-content\\\/uploads\\\/2023\\\/08\\\/ROMPEVIENTOS.webp\",\"contentUrl\":\"https:\\\/\\\/betparches.niixer.com\\\/wp-content\\\/uploads\\\/2023\\\/08\\\/ROMPEVIENTOS.webp\",\"width\":1500,\"height\":1500,\"caption\":\"ROMPEVIENTOS\"},{\"@type\":\"BreadcrumbList\",\"@id\":\"https:\\\/\\\/betparches.niixer.com\\\/index.php\\\/producto\\\/chaqueta-hombre-rompevientos-mfc\\\/#breadcrumb\",\"itemListElement\":[{\"@type\":\"ListItem\",\"position\":1,\"name\":\"Portada\",\"item\":\"https:\\\/\\\/betparches.niixer.com\\\/\"},{\"@type\":\"ListItem\",\"position\":2,\"name\":\"Shop\",\"item\":\"https:\\\/\\\/betparches.niixer.com\\\/index.php\\\/shop\\\/\"},{\"@type\":\"ListItem\",\"position\":3,\"name\":\"CHAQUETA HOMBRE ROMPEVIENTOS MFC\"}]},{\"@type\":\"WebSite\",\"@id\":\"https:\\\/\\\/betparches.niixer.com\\\/#website\",\"url\":\"https:\\\/\\\/betparches.niixer.com\\\/\",\"name\":\"BetParches Shop\",\"description\":\"\",\"publisher\":{\"@id\":\"https:\\\/\\\/betparches.niixer.com\\\/#organization\"},\"potentialAction\":[{\"@type\":\"SearchAction\",\"target\":{\"@type\":\"EntryPoint\",\"urlTemplate\":\"https:\\\/\\\/betparches.niixer.com\\\/?s={search_term_string}\"},\"query-input\":{\"@type\":\"PropertyValueSpecification\",\"valueRequired\":true,\"valueName\":\"search_term_string\"}}],\"inLanguage\":\"es\"},{\"@type\":\"Organization\",\"@id\":\"https:\\\/\\\/betparches.niixer.com\\\/#organization\",\"name\":\"BetParches Shop\",\"url\":\"https:\\\/\\\/betparches.niixer.com\\\/\",\"logo\":{\"@type\":\"ImageObject\",\"inLanguage\":\"es\",\"@id\":\"https:\\\/\\\/betparches.niixer.com\\\/#\\\/schema\\\/logo\\\/image\\\/\",\"url\":\"https:\\\/\\\/betparches.niixer.com\\\/wp-content\\\/uploads\\\/2023\\\/08\\\/Logo_BetParches-Millonarios-1.webp\",\"contentUrl\":\"https:\\\/\\\/betparches.niixer.com\\\/wp-content\\\/uploads\\\/2023\\\/08\\\/Logo_BetParches-Millonarios-1.webp\",\"width\":339,\"height\":100,\"caption\":\"BetParches Shop\"},\"image\":{\"@id\":\"https:\\\/\\\/betparches.niixer.com\\\/#\\\/schema\\\/logo\\\/image\\\/\"}}]}<\/script>\n<!-- \/ Yoast SEO plugin. -->","yoast_head_json":{"title":"CHAQUETA HOMBRE ROMPEVIENTOS MFC - BetParches Shop","robots":{"index":"noindex","follow":"follow","max-snippet":"max-snippet:-1","max-image-preview":"max-image-preview:large","max-video-preview":"max-video-preview:-1"},"og_locale":"es_ES","og_type":"article","og_title":"CHAQUETA HOMBRE ROMPEVIENTOS MFC - BetParches Shop","og_description":"Lavar a mano - No usar plancha - No usar Lej\u00eda\/ Cloro","og_url":"https:\/\/betparches.niixer.com\/index.php\/producto\/chaqueta-hombre-rompevientos-mfc\/","og_site_name":"BetParches Shop","article_modified_time":"2023-08-11T14:03:59+00:00","og_image":[{"width":1500,"height":1500,"url":"https:\/\/betparches.niixer.com\/wp-content\/uploads\/2023\/08\/ROMPEVIENTOS.webp","type":"image\/webp"}],"twitter_card":"summary_large_image","schema":{"@context":"https:\/\/schema.org","@graph":[{"@type":"WebPage","@id":"https:\/\/betparches.niixer.com\/index.php\/producto\/chaqueta-hombre-rompevientos-mfc\/","url":"https:\/\/betparches.niixer.com\/index.php\/producto\/chaqueta-hombre-rompevientos-mfc\/","name":"CHAQUETA HOMBRE ROMPEVIENTOS MFC - BetParches Shop","isPartOf":{"@id":"https:\/\/betparches.niixer.com\/#website"},"primaryImageOfPage":{"@id":"https:\/\/betparches.niixer.com\/index.php\/producto\/chaqueta-hombre-rompevientos-mfc\/#primaryimage"},"image":{"@id":"https:\/\/betparches.niixer.com\/index.php\/producto\/chaqueta-hombre-rompevientos-mfc\/#primaryimage"},"thumbnailUrl":"https:\/\/betparches.niixer.com\/wp-content\/uploads\/2023\/08\/ROMPEVIENTOS.webp","datePublished":"2023-08-01T01:50:42+00:00","dateModified":"2023-08-11T14:03:59+00:00","breadcrumb":{"@id":"https:\/\/betparches.niixer.com\/index.php\/producto\/chaqueta-hombre-rompevientos-mfc\/#breadcrumb"},"inLanguage":"es","potentialAction":[{"@type":"ReadAction","target":["https:\/\/betparches.niixer.com\/index.php\/producto\/chaqueta-hombre-rompevientos-mfc\/"]}]},{"@type":"ImageObject","inLanguage":"es","@id":"https:\/\/betparches.niixer.com\/index.php\/producto\/chaqueta-hombre-rompevientos-mfc\/#primaryimage","url":"https:\/\/betparches.niixer.com\/wp-content\/uploads\/2023\/08\/ROMPEVIENTOS.webp","contentUrl":"https:\/\/betparches.niixer.com\/wp-content\/uploads\/2023\/08\/ROMPEVIENTOS.webp","width":1500,"height":1500,"caption":"ROMPEVIENTOS"},{"@type":"BreadcrumbList","@id":"https:\/\/betparches.niixer.com\/index.php\/producto\/chaqueta-hombre-rompevientos-mfc\/#breadcrumb","itemListElement":[{"@type":"ListItem","position":1,"name":"Portada","item":"https:\/\/betparches.niixer.com\/"},{"@type":"ListItem","position":2,"name":"Shop","item":"https:\/\/betparches.niixer.com\/index.php\/shop\/"},{"@type":"ListItem","position":3,"name":"CHAQUETA HOMBRE ROMPEVIENTOS MFC"}]},{"@type":"WebSite","@id":"https:\/\/betparches.niixer.com\/#website","url":"https:\/\/betparches.niixer.com\/","name":"BetParches Shop","description":"","publisher":{"@id":"https:\/\/betparches.niixer.com\/#organization"},"potentialAction":[{"@type":"SearchAction","target":{"@type":"EntryPoint","urlTemplate":"https:\/\/betparches.niixer.com\/?s={search_term_string}"},"query-input":{"@type":"PropertyValueSpecification","valueRequired":true,"valueName":"search_term_string"}}],"inLanguage":"es"},{"@type":"Organization","@id":"https:\/\/betparches.niixer.com\/#organization","name":"BetParches Shop","url":"https:\/\/betparches.niixer.com\/","logo":{"@type":"ImageObject","inLanguage":"es","@id":"https:\/\/betparches.niixer.com\/#\/schema\/logo\/image\/","url":"https:\/\/betparches.niixer.com\/wp-content\/uploads\/2023\/08\/Logo_BetParches-Millonarios-1.webp","contentUrl":"https:\/\/betparches.niixer.com\/wp-content\/uploads\/2023\/08\/Logo_BetParches-Millonarios-1.webp","width":339,"height":100,"caption":"BetParches Shop"},"image":{"@id":"https:\/\/betparches.niixer.com\/#\/schema\/logo\/image\/"}}]}},"_links":{"self":[{"href":"https:\/\/betparches.niixer.com\/index.php\/wp-json\/wp\/v2\/product\/376","targetHints":{"allow":["GET"]}}],"collection":[{"href":"https:\/\/betparches.niixer.com\/index.php\/wp-json\/wp\/v2\/product"}],"about":[{"href":"https:\/\/betparches.niixer.com\/index.php\/wp-json\/wp\/v2\/types\/product"}],"replies":[{"embeddable":true,"href":"https:\/\/betparches.niixer.com\/index.php\/wp-json\/wp\/v2\/comments?post=376"}],"wp:featuredmedia":[{"embeddable":true,"href":"https:\/\/betparches.niixer.com\/index.php\/wp-json\/wp\/v2\/media\/377"}],"wp:attachment":[{"href":"https:\/\/betparches.niixer.com\/index.php\/wp-json\/wp\/v2\/media?parent=376"}],"wp:term":[{"taxonomy":"product_brand","embeddable":true,"href":"https:\/\/betparches.niixer.com\/index.php\/wp-json\/wp\/v2\/product_brand?post=376"},{"taxonomy":"product_cat","embeddable":true,"href":"https:\/\/betparches.niixer.com\/index.php\/wp-json\/wp\/v2\/product_cat?post=376"},{"taxonomy":"product_tag","embeddable":true,"href":"https:\/\/betparches.niixer.com\/index.php\/wp-json\/wp\/v2\/product_tag?post=376"}],"curies":[{"name":"wp","href":"https:\/\/api.w.org\/{rel}","templated":true}]}}