{"id":687,"date":"2023-08-03T21:04:27","date_gmt":"2023-08-04T02:04:27","guid":{"rendered":"https:\/\/betparches.niixer.com\/?post_type=product&#038;p=687"},"modified":"2023-08-04T12:20:28","modified_gmt":"2023-08-04T17:20:28","slug":"comforter-mfc-doble-faz","status":"publish","type":"product","link":"https:\/\/betparches.niixer.com\/index.php\/producto\/comforter-mfc-doble-faz\/","title":{"rendered":"COMFORTER MFC DOBLE FAZ"},"content":{"rendered":"<p>Un comforter MFC doble faz es una prenda de ropa de cama dise\u00f1ada para proporcionar calidez y comodidad durante el sue\u00f1o. Es un edred\u00f3n acolchado y suave que se puede utilizar como una cubierta adicional sobre la cama. La caracter\u00edstica \u00abdoble faz\u00bb significa que el comforter tiene dos caras diferentes, lo que permite cambiar el estilo de la cama f\u00e1cilmente.<\/p>\n","protected":false},"excerpt":{"rendered":"<h3>No aplican restricciones para este producto<\/h3>\n","protected":false},"featured_media":688,"comment_status":"open","ping_status":"closed","template":"","meta":{"_joinchat":[]},"product_brand":[],"product_cat":[162],"product_tag":[136,134,135,68,98,49],"class_list":{"0":"post-687","1":"product","2":"type-product","3":"status-publish","4":"has-post-thumbnail","6":"product_cat-comforter-doble-faz","7":"product_tag-cama","8":"product_tag-comfort-mfc","9":"product_tag-doble-faz","10":"product_tag-escudo-millonarios","11":"product_tag-millonarios-fc","12":"product_tag-ropa-de-cama","13":"post-thumbnail-displayed","15":"first","16":"instock","17":"taxable","18":"shipping-taxable","19":"purchasable","20":"product-type-simple"},"yoast_head":"<!-- This site is optimized with the Yoast SEO plugin v27.3 - https:\/\/yoast.com\/product\/yoast-seo-wordpress\/ -->\n<title>COMFORTER MFC DOBLE FAZ - BetParches Shop<\/title>\n<meta name=\"description\" content=\"Un comforter MFC doble faz es una prenda de ropa de cama dise\u00f1ada para proporcionar calidez y comodidad durante el sue\u00f1o.\" \/>\n<meta name=\"robots\" content=\"noindex, follow, max-snippet:-1, max-image-preview:large, max-video-preview:-1\" \/>\n<meta property=\"og:locale\" content=\"es_ES\" \/>\n<meta property=\"og:type\" content=\"article\" \/>\n<meta property=\"og:title\" content=\"COMFORTER MFC DOBLE FAZ - BetParches Shop\" \/>\n<meta property=\"og:description\" content=\"Un comforter MFC doble faz es una prenda de ropa de cama dise\u00f1ada para proporcionar calidez y comodidad durante el sue\u00f1o.\" \/>\n<meta property=\"og:url\" content=\"https:\/\/betparches.niixer.com\/index.php\/producto\/comforter-mfc-doble-faz\/\" \/>\n<meta property=\"og:site_name\" content=\"BetParches Shop\" \/>\n<meta property=\"article:modified_time\" content=\"2023-08-04T17:20:28+00:00\" \/>\n<meta property=\"og:image\" content=\"http:\/\/betparches.niixer.com\/wp-content\/uploads\/2023\/08\/conforter-mfc.webp\" \/>\n\t<meta property=\"og:image:width\" content=\"1500\" \/>\n\t<meta property=\"og:image:height\" content=\"1500\" \/>\n\t<meta property=\"og:image:type\" content=\"image\/webp\" \/>\n<meta name=\"twitter:card\" content=\"summary_large_image\" \/>\n<meta name=\"twitter:label1\" content=\"Tiempo de lectura\" \/>\n\t<meta name=\"twitter:data1\" content=\"1 minuto\" \/>\n<script type=\"application\/ld+json\" class=\"yoast-schema-graph\">{\"@context\":\"https:\\\/\\\/schema.org\",\"@graph\":[{\"@type\":\"WebPage\",\"@id\":\"https:\\\/\\\/betparches.niixer.com\\\/index.php\\\/producto\\\/comforter-mfc-doble-faz\\\/\",\"url\":\"https:\\\/\\\/betparches.niixer.com\\\/index.php\\\/producto\\\/comforter-mfc-doble-faz\\\/\",\"name\":\"COMFORTER MFC DOBLE FAZ - BetParches Shop\",\"isPartOf\":{\"@id\":\"https:\\\/\\\/betparches.niixer.com\\\/#website\"},\"primaryImageOfPage\":{\"@id\":\"https:\\\/\\\/betparches.niixer.com\\\/index.php\\\/producto\\\/comforter-mfc-doble-faz\\\/#primaryimage\"},\"image\":{\"@id\":\"https:\\\/\\\/betparches.niixer.com\\\/index.php\\\/producto\\\/comforter-mfc-doble-faz\\\/#primaryimage\"},\"thumbnailUrl\":\"https:\\\/\\\/betparches.niixer.com\\\/wp-content\\\/uploads\\\/2023\\\/08\\\/conforter-mfc.webp\",\"datePublished\":\"2023-08-04T02:04:27+00:00\",\"dateModified\":\"2023-08-04T17:20:28+00:00\",\"description\":\"Un comforter MFC doble faz es una prenda de ropa de cama dise\u00f1ada para proporcionar calidez y comodidad durante el sue\u00f1o.\",\"breadcrumb\":{\"@id\":\"https:\\\/\\\/betparches.niixer.com\\\/index.php\\\/producto\\\/comforter-mfc-doble-faz\\\/#breadcrumb\"},\"inLanguage\":\"es\",\"potentialAction\":[{\"@type\":\"ReadAction\",\"target\":[\"https:\\\/\\\/betparches.niixer.com\\\/index.php\\\/producto\\\/comforter-mfc-doble-faz\\\/\"]}]},{\"@type\":\"ImageObject\",\"inLanguage\":\"es\",\"@id\":\"https:\\\/\\\/betparches.niixer.com\\\/index.php\\\/producto\\\/comforter-mfc-doble-faz\\\/#primaryimage\",\"url\":\"https:\\\/\\\/betparches.niixer.com\\\/wp-content\\\/uploads\\\/2023\\\/08\\\/conforter-mfc.webp\",\"contentUrl\":\"https:\\\/\\\/betparches.niixer.com\\\/wp-content\\\/uploads\\\/2023\\\/08\\\/conforter-mfc.webp\",\"width\":1500,\"height\":1500,\"caption\":\"comforter mfc\"},{\"@type\":\"BreadcrumbList\",\"@id\":\"https:\\\/\\\/betparches.niixer.com\\\/index.php\\\/producto\\\/comforter-mfc-doble-faz\\\/#breadcrumb\",\"itemListElement\":[{\"@type\":\"ListItem\",\"position\":1,\"name\":\"Portada\",\"item\":\"https:\\\/\\\/betparches.niixer.com\\\/\"},{\"@type\":\"ListItem\",\"position\":2,\"name\":\"Shop\",\"item\":\"https:\\\/\\\/betparches.niixer.com\\\/index.php\\\/shop\\\/\"},{\"@type\":\"ListItem\",\"position\":3,\"name\":\"COMFORTER MFC DOBLE FAZ\"}]},{\"@type\":\"WebSite\",\"@id\":\"https:\\\/\\\/betparches.niixer.com\\\/#website\",\"url\":\"https:\\\/\\\/betparches.niixer.com\\\/\",\"name\":\"BetParches Shop\",\"description\":\"\",\"publisher\":{\"@id\":\"https:\\\/\\\/betparches.niixer.com\\\/#organization\"},\"potentialAction\":[{\"@type\":\"SearchAction\",\"target\":{\"@type\":\"EntryPoint\",\"urlTemplate\":\"https:\\\/\\\/betparches.niixer.com\\\/?s={search_term_string}\"},\"query-input\":{\"@type\":\"PropertyValueSpecification\",\"valueRequired\":true,\"valueName\":\"search_term_string\"}}],\"inLanguage\":\"es\"},{\"@type\":\"Organization\",\"@id\":\"https:\\\/\\\/betparches.niixer.com\\\/#organization\",\"name\":\"BetParches Shop\",\"url\":\"https:\\\/\\\/betparches.niixer.com\\\/\",\"logo\":{\"@type\":\"ImageObject\",\"inLanguage\":\"es\",\"@id\":\"https:\\\/\\\/betparches.niixer.com\\\/#\\\/schema\\\/logo\\\/image\\\/\",\"url\":\"https:\\\/\\\/betparches.niixer.com\\\/wp-content\\\/uploads\\\/2023\\\/08\\\/Logo_BetParches-Millonarios-1.webp\",\"contentUrl\":\"https:\\\/\\\/betparches.niixer.com\\\/wp-content\\\/uploads\\\/2023\\\/08\\\/Logo_BetParches-Millonarios-1.webp\",\"width\":339,\"height\":100,\"caption\":\"BetParches Shop\"},\"image\":{\"@id\":\"https:\\\/\\\/betparches.niixer.com\\\/#\\\/schema\\\/logo\\\/image\\\/\"}}]}<\/script>\n<!-- \/ Yoast SEO plugin. -->","yoast_head_json":{"title":"COMFORTER MFC DOBLE FAZ - BetParches Shop","description":"Un comforter MFC doble faz es una prenda de ropa de cama dise\u00f1ada para proporcionar calidez y comodidad durante el sue\u00f1o.","robots":{"index":"noindex","follow":"follow","max-snippet":"max-snippet:-1","max-image-preview":"max-image-preview:large","max-video-preview":"max-video-preview:-1"},"og_locale":"es_ES","og_type":"article","og_title":"COMFORTER MFC DOBLE FAZ - BetParches Shop","og_description":"Un comforter MFC doble faz es una prenda de ropa de cama dise\u00f1ada para proporcionar calidez y comodidad durante el sue\u00f1o.","og_url":"https:\/\/betparches.niixer.com\/index.php\/producto\/comforter-mfc-doble-faz\/","og_site_name":"BetParches Shop","article_modified_time":"2023-08-04T17:20:28+00:00","og_image":[{"width":1500,"height":1500,"url":"http:\/\/betparches.niixer.com\/wp-content\/uploads\/2023\/08\/conforter-mfc.webp","type":"image\/webp"}],"twitter_card":"summary_large_image","twitter_misc":{"Tiempo de lectura":"1 minuto"},"schema":{"@context":"https:\/\/schema.org","@graph":[{"@type":"WebPage","@id":"https:\/\/betparches.niixer.com\/index.php\/producto\/comforter-mfc-doble-faz\/","url":"https:\/\/betparches.niixer.com\/index.php\/producto\/comforter-mfc-doble-faz\/","name":"COMFORTER MFC DOBLE FAZ - BetParches Shop","isPartOf":{"@id":"https:\/\/betparches.niixer.com\/#website"},"primaryImageOfPage":{"@id":"https:\/\/betparches.niixer.com\/index.php\/producto\/comforter-mfc-doble-faz\/#primaryimage"},"image":{"@id":"https:\/\/betparches.niixer.com\/index.php\/producto\/comforter-mfc-doble-faz\/#primaryimage"},"thumbnailUrl":"https:\/\/betparches.niixer.com\/wp-content\/uploads\/2023\/08\/conforter-mfc.webp","datePublished":"2023-08-04T02:04:27+00:00","dateModified":"2023-08-04T17:20:28+00:00","description":"Un comforter MFC doble faz es una prenda de ropa de cama dise\u00f1ada para proporcionar calidez y comodidad durante el sue\u00f1o.","breadcrumb":{"@id":"https:\/\/betparches.niixer.com\/index.php\/producto\/comforter-mfc-doble-faz\/#breadcrumb"},"inLanguage":"es","potentialAction":[{"@type":"ReadAction","target":["https:\/\/betparches.niixer.com\/index.php\/producto\/comforter-mfc-doble-faz\/"]}]},{"@type":"ImageObject","inLanguage":"es","@id":"https:\/\/betparches.niixer.com\/index.php\/producto\/comforter-mfc-doble-faz\/#primaryimage","url":"https:\/\/betparches.niixer.com\/wp-content\/uploads\/2023\/08\/conforter-mfc.webp","contentUrl":"https:\/\/betparches.niixer.com\/wp-content\/uploads\/2023\/08\/conforter-mfc.webp","width":1500,"height":1500,"caption":"comforter mfc"},{"@type":"BreadcrumbList","@id":"https:\/\/betparches.niixer.com\/index.php\/producto\/comforter-mfc-doble-faz\/#breadcrumb","itemListElement":[{"@type":"ListItem","position":1,"name":"Portada","item":"https:\/\/betparches.niixer.com\/"},{"@type":"ListItem","position":2,"name":"Shop","item":"https:\/\/betparches.niixer.com\/index.php\/shop\/"},{"@type":"ListItem","position":3,"name":"COMFORTER MFC DOBLE FAZ"}]},{"@type":"WebSite","@id":"https:\/\/betparches.niixer.com\/#website","url":"https:\/\/betparches.niixer.com\/","name":"BetParches Shop","description":"","publisher":{"@id":"https:\/\/betparches.niixer.com\/#organization"},"potentialAction":[{"@type":"SearchAction","target":{"@type":"EntryPoint","urlTemplate":"https:\/\/betparches.niixer.com\/?s={search_term_string}"},"query-input":{"@type":"PropertyValueSpecification","valueRequired":true,"valueName":"search_term_string"}}],"inLanguage":"es"},{"@type":"Organization","@id":"https:\/\/betparches.niixer.com\/#organization","name":"BetParches Shop","url":"https:\/\/betparches.niixer.com\/","logo":{"@type":"ImageObject","inLanguage":"es","@id":"https:\/\/betparches.niixer.com\/#\/schema\/logo\/image\/","url":"https:\/\/betparches.niixer.com\/wp-content\/uploads\/2023\/08\/Logo_BetParches-Millonarios-1.webp","contentUrl":"https:\/\/betparches.niixer.com\/wp-content\/uploads\/2023\/08\/Logo_BetParches-Millonarios-1.webp","width":339,"height":100,"caption":"BetParches Shop"},"image":{"@id":"https:\/\/betparches.niixer.com\/#\/schema\/logo\/image\/"}}]}},"_links":{"self":[{"href":"https:\/\/betparches.niixer.com\/index.php\/wp-json\/wp\/v2\/product\/687","targetHints":{"allow":["GET"]}}],"collection":[{"href":"https:\/\/betparches.niixer.com\/index.php\/wp-json\/wp\/v2\/product"}],"about":[{"href":"https:\/\/betparches.niixer.com\/index.php\/wp-json\/wp\/v2\/types\/product"}],"replies":[{"embeddable":true,"href":"https:\/\/betparches.niixer.com\/index.php\/wp-json\/wp\/v2\/comments?post=687"}],"wp:featuredmedia":[{"embeddable":true,"href":"https:\/\/betparches.niixer.com\/index.php\/wp-json\/wp\/v2\/media\/688"}],"wp:attachment":[{"href":"https:\/\/betparches.niixer.com\/index.php\/wp-json\/wp\/v2\/media?parent=687"}],"wp:term":[{"taxonomy":"product_brand","embeddable":true,"href":"https:\/\/betparches.niixer.com\/index.php\/wp-json\/wp\/v2\/product_brand?post=687"},{"taxonomy":"product_cat","embeddable":true,"href":"https:\/\/betparches.niixer.com\/index.php\/wp-json\/wp\/v2\/product_cat?post=687"},{"taxonomy":"product_tag","embeddable":true,"href":"https:\/\/betparches.niixer.com\/index.php\/wp-json\/wp\/v2\/product_tag?post=687"}],"curies":[{"name":"wp","href":"https:\/\/api.w.org\/{rel}","templated":true}]}}